{"id":15,"date":"2015-03-08T00:42:01","date_gmt":"2015-03-07T23:42:01","guid":{"rendered":"http:\/\/www.pzitb.put.poznan.pl\/?page_id=15"},"modified":"2020-01-29T10:42:10","modified_gmt":"2020-01-29T09:42:10","slug":"materialy-szkoleniowe","status":"publish","type":"page","link":"https:\/\/www.pzitb.put.poznan.pl\/?page_id=15","title":{"rendered":"Materia\u0142y szkoleniowe"},"content":{"rendered":"<div><span style=\"color: #000000;\"> BIM\u00a0 w programie Tekla Structures &#8211; modelowanie<\/span><\/div>\n<div><span style=\"color: #000000;\">konstrukcji stalowych poprzez implementacj\u0119 gotowych komponent\u00f3w.<\/span><\/div>\n<div>Prelegent: mgr in\u017c. Daniel Przybylski<\/div>\n<div><a href=\"https:\/\/www.pzitb.put.poznan.pl\/?attachment_id=578\" rel=\"attachment wp-att-578\">BIM Tekla Structures 2019i_v4<\/a><\/div>\n<div><a href=\"https:\/\/www.pzitb.put.poznan.pl\/?attachment_id=579\" rel=\"attachment wp-att-579\">Szkolenie BIM implementacja komponent\u00f3w &#8211; wyk\u0142ad v1<\/a><\/div>\n<hr \/>\n<p><a href=\"https:\/\/www.pzitb.put.poznan.pl\/wp-content\/uploads\/budma_2012.pdf\">Podsumowanie targ\u00f3w Budma 2012<\/a> (prelegent dr hab. in\u017c.Tomasz B\u0142aszczy\u0144ski Zak\u0142ad Budownictwa)<\/p>\n<p><a href=\"https:\/\/www.pzitb.put.poznan.pl\/wp-content\/uploads\/stalowe.pdf\">Zmiany w projektowaniu konstrukcji stalowych w odniesieniu do EUROKOD-u<\/a><br \/>\n(prelegent dr in\u017c. Katarzyma Rzeszut Zak\u0142ad Konstrukcji Metalowych)<\/p>\n<p>Materia\u0142y informacyjne firmy SIPUR: <a href=\"https:\/\/www.pzitb.put.poznan.pl\/wp-content\/uploads\/Sipur_1.pdf\">1<\/a>, <a href=\"https:\/\/www.pzitb.put.poznan.pl\/wp-content\/uploads\/Sipur_2.pdf\">2<\/a>, <a href=\"https:\/\/www.pzitb.put.poznan.pl\/wp-content\/uploads\/Sipur_3.pdf\">3<\/a>, <a href=\"https:\/\/www.pzitb.put.poznan.pl\/wp-content\/uploads\/Sipur_4.pdf\">4<\/a><\/p>\n<p>Materia\u0142y informacyjne firmy <a href=\"https:\/\/www.pzitb.put.poznan.pl\/wp-content\/uploads\/Hydrostop.pdf\">Hydrostop<\/a><\/p>\n<p>Refleksje budowlane z podr\u00f3\u017cy &#8211; <a href=\"https:\/\/www.pzitb.put.poznan.pl\/wp-content\/uploads\/\">Australia<\/a><\/p>\n<p>Adaptacja \u017celbetowych zbiornik\u00f3w <a href=\"https:\/\/www.pzitb.put.poznan.pl\/wp-content\/uploads\/wybrane-slajdy-PZITB.pdf\">na cele ppo\u017c<\/a><\/p>\n<p><a href=\"https:\/\/www.pzitb.put.poznan.pl\/wp-content\/uploads\/Zielone_budownictwo.pdf\">Zielone_budownictwo<\/a><\/p>\n<p><a href=\"https:\/\/www.pzitb.put.poznan.pl\/wp-content\/uploads\/prezentacja-kszta\u0142towanie-budynku.pdf\">prezentacja kszta\u0142towanie budynku<\/a><\/p>\n<p>Budownictwo oczami m\u0142odych naukowc\u00f3w: <a href=\"https:\/\/www.pzitb.put.poznan.pl\/wp-content\/uploads\/M.Rutkowski-Budownictwo-oczami-m\u0142odych-naukowc\u00f3w.pdf\">M.Rutkowski-Budownictwo oczami m\u0142odych naukowc\u00f3w<\/a><\/p>\n<p><a href=\"https:\/\/www.pzitb.put.poznan.pl\/wp-content\/uploads\/Istotne-zmiany-PB-wprowadzone-28.06.-2015-r.-ustaw\u0105-z-20.02.15.doc\">Istotne zmiany PB wprowadzone 28.06. 2015 r. ustaw\u0105 z 20.02.15<\/a><\/p>\n<p><a href=\"https:\/\/www.pzitb.put.poznan.pl\/wp-content\/uploads\/PROJ.-dot.-zam\u00f3w.-publ.-i-innych-rozporz\u0105dze\u0144-2016r..doc\">PROJ. dot. zam\u00f3w. publ. i innych rozporz\u0105dze\u0144 2016r.<\/a><\/p>\n<p>Prezentacja konferencji w Krynicy <a href=\"https:\/\/www.pzitb.put.poznan.pl\/?attachment_id=363\" rel=\"attachment wp-att-363\">Konferencja Naukowa<\/a><\/p>\n","protected":false},"excerpt":{"rendered":"<p>BIM\u00a0 w programie Tekla Structures &#8211; modelowanie konstrukcji stalowych poprzez implementacj\u0119 gotowych komponent\u00f3w. Prelegent: mgr in\u017c. Daniel Przybylski BIM Tekla Structures 2019i_v4 Szkolenie BIM implementacja komponent\u00f3w &#8211; wyk\u0142ad v1 Podsumowanie targ\u00f3w Budma 2012 (prelegent dr hab. in\u017c.Tomasz B\u0142aszczy\u0144ski Zak\u0142ad Budownictwa)&#8230;<br \/><a class=\"read-more-button\" href=\"https:\/\/www.pzitb.put.poznan.pl\/?page_id=15\">Read more<\/a><\/p>\n","protected":false},"author":1,"featured_media":0,"parent":0,"menu_order":7,"comment_status":"closed","ping_status":"closed","template":"","meta":{"footnotes":""},"class_list":["post-15","page","type-page","status-publish","hentry"],"_links":{"self":[{"href":"https:\/\/www.pzitb.put.poznan.pl\/index.php?rest_route=\/wp\/v2\/pages\/15","targetHints":{"allow":["GET"]}}],"collection":[{"href":"https:\/\/www.pzitb.put.poznan.pl\/index.php?rest_route=\/wp\/v2\/pages"}],"about":[{"href":"https:\/\/www.pzitb.put.poznan.pl\/index.php?rest_route=\/wp\/v2\/types\/page"}],"author":[{"embeddable":true,"href":"https:\/\/www.pzitb.put.poznan.pl\/index.php?rest_route=\/wp\/v2\/users\/1"}],"replies":[{"embeddable":true,"href":"https:\/\/www.pzitb.put.poznan.pl\/index.php?rest_route=%2Fwp%2Fv2%2Fcomments&post=15"}],"version-history":[{"count":10,"href":"https:\/\/www.pzitb.put.poznan.pl\/index.php?rest_route=\/wp\/v2\/pages\/15\/revisions"}],"predecessor-version":[{"id":581,"href":"https:\/\/www.pzitb.put.poznan.pl\/index.php?rest_route=\/wp\/v2\/pages\/15\/revisions\/581"}],"wp:attachment":[{"href":"https:\/\/www.pzitb.put.poznan.pl\/index.php?rest_route=%2Fwp%2Fv2%2Fmedia&parent=15"}],"curies":[{"name":"wp","href":"https:\/\/api.w.org\/{rel}","templated":true}]}}