{"id":17,"date":"2015-03-08T00:43:01","date_gmt":"2015-03-07T23:43:01","guid":{"rendered":"http:\/\/www.pzitb.put.poznan.pl\/?page_id=17"},"modified":"2024-03-12T08:58:52","modified_gmt":"2024-03-12T07:58:52","slug":"linki","status":"publish","type":"page","link":"https:\/\/www.pzitb.put.poznan.pl\/?page_id=17","title":{"rendered":"Linki"},"content":{"rendered":"<p>Zarz\u0105d G\u0142\u00f3wny PZITB<br \/>\n<a href=\"http:\/\/www.zgpzitb.org.pl\/\">www.zgpzitb.org.pl<\/a><br \/>\n<cite><br \/>\n<\/cite>PZITB oddzia\u0142 w Poznaniu<br \/>\n<a href=\"http:\/\/www.pzitb-poznan.org\/\">www.pzitb-poznan.org<\/a><\/p>\n<p>Politechnika Pozna\u0144ska<br \/>\n<a href=\"http:\/\/www.put.poznan.pl\/\">www.put.poznan.pl<\/a><\/p>\n","protected":false},"excerpt":{"rendered":"<p>Zarz\u0105d G\u0142\u00f3wny PZITB www.zgpzitb.org.pl PZITB oddzia\u0142 w Poznaniu www.pzitb-poznan.org Politechnika Pozna\u0144ska www.put.poznan.pl<\/p>\n","protected":false},"author":1,"featured_media":0,"parent":0,"menu_order":8,"comment_status":"closed","ping_status":"closed","template":"","meta":{"footnotes":""},"class_list":["post-17","page","type-page","status-publish","hentry"],"_links":{"self":[{"href":"https:\/\/www.pzitb.put.poznan.pl\/index.php?rest_route=\/wp\/v2\/pages\/17","targetHints":{"allow":["GET"]}}],"collection":[{"href":"https:\/\/www.pzitb.put.poznan.pl\/index.php?rest_route=\/wp\/v2\/pages"}],"about":[{"href":"https:\/\/www.pzitb.put.poznan.pl\/index.php?rest_route=\/wp\/v2\/types\/page"}],"author":[{"embeddable":true,"href":"https:\/\/www.pzitb.put.poznan.pl\/index.php?rest_route=\/wp\/v2\/users\/1"}],"replies":[{"embeddable":true,"href":"https:\/\/www.pzitb.put.poznan.pl\/index.php?rest_route=%2Fwp%2Fv2%2Fcomments&post=17"}],"version-history":[{"count":4,"href":"https:\/\/www.pzitb.put.poznan.pl\/index.php?rest_route=\/wp\/v2\/pages\/17\/revisions"}],"predecessor-version":[{"id":794,"href":"https:\/\/www.pzitb.put.poznan.pl\/index.php?rest_route=\/wp\/v2\/pages\/17\/revisions\/794"}],"wp:attachment":[{"href":"https:\/\/www.pzitb.put.poznan.pl\/index.php?rest_route=%2Fwp%2Fv2%2Fmedia&parent=17"}],"curies":[{"name":"wp","href":"https:\/\/api.w.org\/{rel}","templated":true}]}}