{"id":19,"date":"2015-03-08T00:43:55","date_gmt":"2015-03-07T23:43:55","guid":{"rendered":"http:\/\/www.pzitb.put.poznan.pl\/?page_id=19"},"modified":"2015-03-10T23:11:54","modified_gmt":"2015-03-10T22:11:54","slug":"szkolenia-woiib","status":"publish","type":"page","link":"https:\/\/www.pzitb.put.poznan.pl\/?page_id=19","title":{"rendered":"Szkolenia WOIIB"},"content":{"rendered":"<p>Cz\u0142onkowie PZITB maj\u0105 pe\u0142ne prawo uczestniczy\u0107 w szkoleniach organizowanych dla WOIIB.<\/p>\n<p>Plan szkole\u0144 dost\u0119pny pod adresem: <a href=\"http:\/\/www.cutob-poznan.pl\">www.cutob-poznan.pl<\/a><\/p>\n<p>&nbsp;<\/p>\n<p>&nbsp;<\/p>\n<p>&nbsp;<\/p>\n<p>&nbsp;<\/p>\n<p>&nbsp;<\/p>\n<p>&nbsp;<\/p>\n<p>&nbsp;<\/p>\n<p>&nbsp;<\/p>\n<p>&nbsp;<\/p>\n<p>&nbsp;<\/p>\n<p>&nbsp;<\/p>\n<p>&nbsp;<\/p>\n","protected":false},"excerpt":{"rendered":"<p>Cz\u0142onkowie PZITB maj\u0105 pe\u0142ne prawo uczestniczy\u0107 w szkoleniach organizowanych dla WOIIB. Plan szkole\u0144 dost\u0119pny pod adresem: www.cutob-poznan.pl &nbsp; &nbsp; &nbsp; &nbsp; &nbsp; &nbsp; &nbsp; &nbsp; &nbsp; &nbsp; &nbsp; &nbsp;<\/p>\n","protected":false},"author":1,"featured_media":0,"parent":0,"menu_order":9,"comment_status":"closed","ping_status":"closed","template":"","meta":{"footnotes":""},"class_list":["post-19","page","type-page","status-publish","hentry"],"_links":{"self":[{"href":"https:\/\/www.pzitb.put.poznan.pl\/index.php?rest_route=\/wp\/v2\/pages\/19","targetHints":{"allow":["GET"]}}],"collection":[{"href":"https:\/\/www.pzitb.put.poznan.pl\/index.php?rest_route=\/wp\/v2\/pages"}],"about":[{"href":"https:\/\/www.pzitb.put.poznan.pl\/index.php?rest_route=\/wp\/v2\/types\/page"}],"author":[{"embeddable":true,"href":"https:\/\/www.pzitb.put.poznan.pl\/index.php?rest_route=\/wp\/v2\/users\/1"}],"replies":[{"embeddable":true,"href":"https:\/\/www.pzitb.put.poznan.pl\/index.php?rest_route=%2Fwp%2Fv2%2Fcomments&post=19"}],"version-history":[{"count":2,"href":"https:\/\/www.pzitb.put.poznan.pl\/index.php?rest_route=\/wp\/v2\/pages\/19\/revisions"}],"predecessor-version":[{"id":83,"href":"https:\/\/www.pzitb.put.poznan.pl\/index.php?rest_route=\/wp\/v2\/pages\/19\/revisions\/83"}],"wp:attachment":[{"href":"https:\/\/www.pzitb.put.poznan.pl\/index.php?rest_route=%2Fwp%2Fv2%2Fmedia&parent=19"}],"curies":[{"name":"wp","href":"https:\/\/api.w.org\/{rel}","templated":true}]}}