{"id":21,"date":"2015-03-08T00:44:38","date_gmt":"2015-03-07T23:44:38","guid":{"rendered":"http:\/\/www.pzitb.put.poznan.pl\/?page_id=21"},"modified":"2015-03-10T23:12:15","modified_gmt":"2015-03-10T22:12:16","slug":"konto","status":"publish","type":"page","link":"https:\/\/www.pzitb.put.poznan.pl\/?page_id=21","title":{"rendered":"Konto"},"content":{"rendered":"<p>Roczna <a href=\"https:\/\/www.pzitb.put.poznan.pl\/wp-content\/uploads\/skladka.pdf\">sk\u0142adka<\/a> cz\u0142onkowska wynosi 84 z\u0142.<\/p>\n<p>Wp\u0142ata na konto:\u00a0\u00a0 Polski Zwi\u0105zek In\u017cynier\u00f3w i Technik\u00f3w Budownictwa<br \/>\nOddzia\u0142 w Poznaniu<br \/>\nul. H. Wieniawskiego 5\/9<br \/>\n61-712 Pozna\u0144<\/p>\n<p>PKO B.P.\u00a0\u00a0\u00a0 48 1020 4027 0000 1202 0300 7341<\/p>\n<p>&nbsp;<\/p>\n<p>&nbsp;<\/p>\n<p>&nbsp;<\/p>\n<p>&nbsp;<\/p>\n<p>&nbsp;<\/p>\n<p>&nbsp;<\/p>\n<p>&nbsp;<\/p>\n<p>&nbsp;<\/p>\n<p>&nbsp;<\/p>\n<p>&nbsp;<\/p>\n<p>&nbsp;<\/p>\n<p>&nbsp;<\/p>\n<p>&nbsp;<\/p>\n<p>&nbsp;<\/p>\n","protected":false},"excerpt":{"rendered":"<p>Roczna sk\u0142adka cz\u0142onkowska wynosi 84 z\u0142. Wp\u0142ata na konto:\u00a0\u00a0 Polski Zwi\u0105zek In\u017cynier\u00f3w i Technik\u00f3w Budownictwa Oddzia\u0142 w Poznaniu ul. H. Wieniawskiego 5\/9 61-712 Pozna\u0144 PKO B.P.\u00a0\u00a0\u00a0 48 1020 4027 0000 1202 0300 7341 &nbsp; &nbsp; &nbsp; &nbsp; &nbsp; &nbsp; &nbsp;&#8230;<br \/><a class=\"read-more-button\" href=\"https:\/\/www.pzitb.put.poznan.pl\/?page_id=21\">Read more<\/a><\/p>\n","protected":false},"author":1,"featured_media":0,"parent":0,"menu_order":10,"comment_status":"closed","ping_status":"closed","template":"","meta":{"footnotes":""},"class_list":["post-21","page","type-page","status-publish","hentry"],"_links":{"self":[{"href":"https:\/\/www.pzitb.put.poznan.pl\/index.php?rest_route=\/wp\/v2\/pages\/21","targetHints":{"allow":["GET"]}}],"collection":[{"href":"https:\/\/www.pzitb.put.poznan.pl\/index.php?rest_route=\/wp\/v2\/pages"}],"about":[{"href":"https:\/\/www.pzitb.put.poznan.pl\/index.php?rest_route=\/wp\/v2\/types\/page"}],"author":[{"embeddable":true,"href":"https:\/\/www.pzitb.put.poznan.pl\/index.php?rest_route=\/wp\/v2\/users\/1"}],"replies":[{"embeddable":true,"href":"https:\/\/www.pzitb.put.poznan.pl\/index.php?rest_route=%2Fwp%2Fv2%2Fcomments&post=21"}],"version-history":[{"count":3,"href":"https:\/\/www.pzitb.put.poznan.pl\/index.php?rest_route=\/wp\/v2\/pages\/21\/revisions"}],"predecessor-version":[{"id":84,"href":"https:\/\/www.pzitb.put.poznan.pl\/index.php?rest_route=\/wp\/v2\/pages\/21\/revisions\/84"}],"wp:attachment":[{"href":"https:\/\/www.pzitb.put.poznan.pl\/index.php?rest_route=%2Fwp%2Fv2%2Fmedia&parent=21"}],"curies":[{"name":"wp","href":"https:\/\/api.w.org\/{rel}","templated":true}]}}