{"id":5,"date":"2015-03-08T00:35:23","date_gmt":"2015-03-07T23:35:23","guid":{"rendered":"http:\/\/www.pzitb.put.poznan.pl\/?page_id=5"},"modified":"2024-05-09T14:18:07","modified_gmt":"2024-05-09T12:18:07","slug":"zarzad","status":"publish","type":"page","link":"https:\/\/www.pzitb.put.poznan.pl\/?page_id=5","title":{"rendered":"Zarz\u0105d"},"content":{"rendered":"<p style=\"text-align: left;\"><b>Zarz\u0105d Ko\u0142a przy Politechnice Pozna\u0144skiej<br \/>\n<\/b><\/p>\n<p style=\"text-align: left;\"><i>PRZEWODNICZ\u0104CY<\/i><\/p>\n<p>dr in\u017c. Marcin Kanoniczak<\/p>\n<p><a href=\"mailto:marcin.kanoniczak@put.poznan.pl\">marcin.kanoniczak@put.poznan.pl<\/a><\/p>\n<p style=\"text-align: left;\"><i>Z-CA PRZEWODNICZ\u0104CEGO<\/i><\/p>\n<p>dr hab. in\u017c. Barbara Ksit<\/p>\n<p><a href=\"mailto:barbara.ksit@put.poznan.pl\">barbara.ksit@put.poznan.pl<\/a><\/p>\n<p><i>Z-CA PRZEWODNICZ\u0104CEGO<\/i><\/p>\n<p>dr in\u017c. Iwona Jankowiak<\/p>\n<p><a href=\"mailto:iwona.jankowiak@put.poznan.pl\">iwona.jankowiak@put.poznan.pl<\/a><\/p>\n<p style=\"text-align: left;\"><i>SEKRETARZ<\/i><\/p>\n<p style=\"text-align: left;\">dr in\u017c. Maria Ratajczak<\/p>\n<p style=\"text-align: left;\"><a href=\"mailto:maria.ratajczak@put.poznan.pl\">maria.ratajczak@put.poznan.pl<\/a><\/p>\n<p style=\"text-align: left;\">Zarz\u0105d oddzia\u0142u Pozna\u0144skiego PZITB<br \/>\n<a href=\"http:\/\/pzitb.superhost.pl\/wordpress\/index.php\/struktura-organizacyjna\/\">www.pzitb-poznan.org<\/a><\/p>\n<p style=\"text-align: left;\">\n","protected":false},"excerpt":{"rendered":"<p>Zarz\u0105d Ko\u0142a przy Politechnice Pozna\u0144skiej PRZEWODNICZ\u0104CY dr in\u017c. Marcin Kanoniczak marcin.kanoniczak@put.poznan.pl Z-CA PRZEWODNICZ\u0104CEGO dr hab. in\u017c. Barbara Ksit barbara.ksit@put.poznan.pl Z-CA PRZEWODNICZ\u0104CEGO dr in\u017c. Iwona Jankowiak iwona.jankowiak@put.poznan.pl SEKRETARZ dr in\u017c. Maria Ratajczak maria.ratajczak@put.poznan.pl Zarz\u0105d oddzia\u0142u Pozna\u0144skiego PZITB www.pzitb-poznan.org<\/p>\n","protected":false},"author":1,"featured_media":0,"parent":0,"menu_order":2,"comment_status":"closed","ping_status":"closed","template":"","meta":{"footnotes":""},"class_list":["post-5","page","type-page","status-publish","hentry"],"_links":{"self":[{"href":"https:\/\/www.pzitb.put.poznan.pl\/index.php?rest_route=\/wp\/v2\/pages\/5","targetHints":{"allow":["GET"]}}],"collection":[{"href":"https:\/\/www.pzitb.put.poznan.pl\/index.php?rest_route=\/wp\/v2\/pages"}],"about":[{"href":"https:\/\/www.pzitb.put.poznan.pl\/index.php?rest_route=\/wp\/v2\/types\/page"}],"author":[{"embeddable":true,"href":"https:\/\/www.pzitb.put.poznan.pl\/index.php?rest_route=\/wp\/v2\/users\/1"}],"replies":[{"embeddable":true,"href":"https:\/\/www.pzitb.put.poznan.pl\/index.php?rest_route=%2Fwp%2Fv2%2Fcomments&post=5"}],"version-history":[{"count":15,"href":"https:\/\/www.pzitb.put.poznan.pl\/index.php?rest_route=\/wp\/v2\/pages\/5\/revisions"}],"predecessor-version":[{"id":832,"href":"https:\/\/www.pzitb.put.poznan.pl\/index.php?rest_route=\/wp\/v2\/pages\/5\/revisions\/832"}],"wp:attachment":[{"href":"https:\/\/www.pzitb.put.poznan.pl\/index.php?rest_route=%2Fwp%2Fv2%2Fmedia&parent=5"}],"curies":[{"name":"wp","href":"https:\/\/api.w.org\/{rel}","templated":true}]}}