{"id":7,"date":"2015-03-08T00:37:09","date_gmt":"2015-03-07T23:37:09","guid":{"rendered":"http:\/\/www.pzitb.put.poznan.pl\/?page_id=7"},"modified":"2022-01-19T17:07:58","modified_gmt":"2022-01-19T16:07:58","slug":"statut","status":"publish","type":"page","link":"https:\/\/www.pzitb.put.poznan.pl\/?page_id=7","title":{"rendered":"Statut"},"content":{"rendered":"<p>Cz\u0142onkiem Ko\u0142a przy Politechnice Pozna\u0144skiej mo\u017ce zosta\u0107:<\/p>\n<p>&#8211; obywatel polski posiadaj\u0105cy dyplom in\u017cyniera budownictwa lub \u015bwiadectwo technika budowlanego<\/p>\n<p>&#8211; obywatel polski posiadaj\u0105cy dyplom wy\u017cszej uczelni lub \u015bwiadectwo technika w specjalno\u015bci zwi\u0105zanej<br \/>\nz budownictwem, pracuj\u0105cy w budownictwie,<\/p>\n<p>&#8211; obywatel polski b\u0119d\u0105cy studentem co najmniej III roku studi\u00f3w na wydzia\u0142ach budownictwa polskich<br \/>\nuczelni technicznych<\/p>\n<p>Statut dost\u0119pny pod adresem: <a href=\"http:\/\/www.pzitb-poznan.org\">www.pzitb-poznan.org<\/a><\/p>\n<p>Formularz do propozycji odznaczenia: <a href=\"https:\/\/www.pzitb.put.poznan.pl\/wp-content\/uploads\/formularz.pdf\">formularz<\/a><\/p>\n<p>Sprawozdania:<\/p>\n<p><a href=\"https:\/\/www.pzitb.put.poznan.pl\/wp-content\/uploads\/Sprawozdanie-z-dzia\u0142alno\u015bci-Komisji-R.-i-O.-z-2012-do-2015.pdf\">Sprawozdanie z dzia\u0142alno\u015bci Komisji R. i O. z 2012 do 2015<\/a><\/p>\n<p><a href=\"https:\/\/www.pzitb.put.poznan.pl\/wp-content\/uploads\/Uwagi-i-propozycje-zmian-dot.pdf\">Uwagi i propozycje zmian dot<\/a><\/p>\n<hr \/>\n<div>Regulamin przyznawania odznacze\u0144:<\/div>\n<div><a href=\"http:\/\/old.zgpzitb.org.pl\/komitety-regulaminy\/glowna-komisja-odznaczen.html\">http:\/\/old.zgpzitb.org.pl\/komitety-regulaminy\/glowna-komisja-odznaczen.html<\/a><\/div>\n<div>wniosek do pobrania: <a href=\"https:\/\/www.pzitb.put.poznan.pl\/?attachment_id=293\" rel=\"attachment wp-att-293\">formularz_odznaczenie<\/a><\/div>\n<div>Wype\u0142nione wnioski prosz\u0119 sk\u0142ada\u0107 do dr in\u017c. Barbary Ksit &#8211; Zast\u0119pcy Przewodnicz\u0105cego Ko\u0142a.\n<\/div>\n","protected":false},"excerpt":{"rendered":"<p>Cz\u0142onkiem Ko\u0142a przy Politechnice Pozna\u0144skiej mo\u017ce zosta\u0107: &#8211; obywatel polski posiadaj\u0105cy dyplom in\u017cyniera budownictwa lub \u015bwiadectwo technika budowlanego &#8211; obywatel polski posiadaj\u0105cy dyplom wy\u017cszej uczelni lub \u015bwiadectwo technika w specjalno\u015bci zwi\u0105zanej z budownictwem, pracuj\u0105cy w budownictwie, &#8211; obywatel polski b\u0119d\u0105cy&#8230;<br \/><a class=\"read-more-button\" href=\"https:\/\/www.pzitb.put.poznan.pl\/?page_id=7\">Read more<\/a><\/p>\n","protected":false},"author":1,"featured_media":0,"parent":0,"menu_order":3,"comment_status":"closed","ping_status":"closed","template":"","meta":{"footnotes":""},"class_list":["post-7","page","type-page","status-publish","hentry"],"_links":{"self":[{"href":"https:\/\/www.pzitb.put.poznan.pl\/index.php?rest_route=\/wp\/v2\/pages\/7","targetHints":{"allow":["GET"]}}],"collection":[{"href":"https:\/\/www.pzitb.put.poznan.pl\/index.php?rest_route=\/wp\/v2\/pages"}],"about":[{"href":"https:\/\/www.pzitb.put.poznan.pl\/index.php?rest_route=\/wp\/v2\/types\/page"}],"author":[{"embeddable":true,"href":"https:\/\/www.pzitb.put.poznan.pl\/index.php?rest_route=\/wp\/v2\/users\/1"}],"replies":[{"embeddable":true,"href":"https:\/\/www.pzitb.put.poznan.pl\/index.php?rest_route=%2Fwp%2Fv2%2Fcomments&post=7"}],"version-history":[{"count":10,"href":"https:\/\/www.pzitb.put.poznan.pl\/index.php?rest_route=\/wp\/v2\/pages\/7\/revisions"}],"predecessor-version":[{"id":732,"href":"https:\/\/www.pzitb.put.poznan.pl\/index.php?rest_route=\/wp\/v2\/pages\/7\/revisions\/732"}],"wp:attachment":[{"href":"https:\/\/www.pzitb.put.poznan.pl\/index.php?rest_route=%2Fwp%2Fv2%2Fmedia&parent=7"}],"curies":[{"name":"wp","href":"https:\/\/api.w.org\/{rel}","templated":true}]}}