{"id":795,"date":"2024-03-12T09:01:14","date_gmt":"2024-03-12T08:01:14","guid":{"rendered":"https:\/\/www.pzitb.put.poznan.pl\/?page_id=795"},"modified":"2024-04-17T22:32:07","modified_gmt":"2024-04-17T20:32:07","slug":"kolo-mlodych","status":"publish","type":"page","link":"https:\/\/www.pzitb.put.poznan.pl\/?page_id=795","title":{"rendered":"Ko\u0142o M\u0142odych"},"content":{"rendered":"\n<p>Przewodnicz\u0105ca Ko\u0142a:<br>Julia Graczyk<br>E-mail: julia.graczyk@student.put.poznan.pl<\/p>\n\n\n\n<p>W przypadku pyta\u0144, sugestii lub ch\u0119ci do\u0142\u0105czenia do Ko\u0142a M\u0142odych, zapraszam do kontaktu na wy\u017cej wymieniony adres mailowy &#8211; z przyjemno\u015bci\u0105 odpowiem na ka\u017cde zapytanie i pomog\u0119 w ka\u017cdy mo\u017cliwy spos\u00f3b.<\/p>\n","protected":false},"excerpt":{"rendered":"<p>Przewodnicz\u0105ca Ko\u0142a:Julia GraczykE-mail: julia.graczyk@student.put.poznan.pl W przypadku pyta\u0144, sugestii lub ch\u0119ci do\u0142\u0105czenia do Ko\u0142a M\u0142odych, zapraszam do kontaktu na wy\u017cej wymieniony adres mailowy &#8211; z przyjemno\u015bci\u0105 odpowiem na ka\u017cde zapytanie i pomog\u0119 w ka\u017cdy mo\u017cliwy spos\u00f3b.<\/p>\n","protected":false},"author":1,"featured_media":0,"parent":0,"menu_order":5,"comment_status":"closed","ping_status":"closed","template":"","meta":{"footnotes":""},"class_list":["post-795","page","type-page","status-publish","hentry"],"_links":{"self":[{"href":"https:\/\/www.pzitb.put.poznan.pl\/index.php?rest_route=\/wp\/v2\/pages\/795","targetHints":{"allow":["GET"]}}],"collection":[{"href":"https:\/\/www.pzitb.put.poznan.pl\/index.php?rest_route=\/wp\/v2\/pages"}],"about":[{"href":"https:\/\/www.pzitb.put.poznan.pl\/index.php?rest_route=\/wp\/v2\/types\/page"}],"author":[{"embeddable":true,"href":"https:\/\/www.pzitb.put.poznan.pl\/index.php?rest_route=\/wp\/v2\/users\/1"}],"replies":[{"embeddable":true,"href":"https:\/\/www.pzitb.put.poznan.pl\/index.php?rest_route=%2Fwp%2Fv2%2Fcomments&post=795"}],"version-history":[{"count":4,"href":"https:\/\/www.pzitb.put.poznan.pl\/index.php?rest_route=\/wp\/v2\/pages\/795\/revisions"}],"predecessor-version":[{"id":828,"href":"https:\/\/www.pzitb.put.poznan.pl\/index.php?rest_route=\/wp\/v2\/pages\/795\/revisions\/828"}],"wp:attachment":[{"href":"https:\/\/www.pzitb.put.poznan.pl\/index.php?rest_route=%2Fwp%2Fv2%2Fmedia&parent=795"}],"curies":[{"name":"wp","href":"https:\/\/api.w.org\/{rel}","templated":true}]}}