{"id":9,"date":"2015-03-08T00:38:27","date_gmt":"2015-03-07T23:38:27","guid":{"rendered":"http:\/\/www.pzitb.put.poznan.pl\/?page_id=9"},"modified":"2015-03-10T23:09:51","modified_gmt":"2015-03-10T22:09:51","slug":"dolacz-do-pzitb","status":"publish","type":"page","link":"https:\/\/www.pzitb.put.poznan.pl\/?page_id=9","title":{"rendered":"Do\u0142\u0105cz do PZITB"},"content":{"rendered":"<div><strong>Ko\u0142o Naukowe<\/strong> daje mo\u017cliwo\u015bci:<\/div>\n<div>\u00a0 \u00a0\u00a0 \u00a0 &#8211; poszerzania wiedzy,<br \/>\n&#8211; zdobywania certyfikat\u00f3w,<br \/>\n&#8211; otrzymania materia\u0142\u00f3w pomocniczych r\u00f3\u017cnych firm,<\/div>\n<p>Charakter spotka\u0144:<br \/>\n&#8211; seminaria,<br \/>\n&#8211; projekty maj\u0105ce na celu zdobywanie do\u015bwiadczenia,<br \/>\n&#8211; wycieczki.<\/p>\n<p>Je\u015bli chcesz do\u0142\u0105czy\u0107 do Ko\u0142a, wystarczy odda\u0107 wype\u0142nion\u0105 <a href=\"https:\/\/www.pzitb.put.poznan.pl\/wp-content\/uploads\/deklaracja.doc\">deklaracj\u0119<\/a>.<\/p>\n<p>&nbsp;<\/p>\n<p>&nbsp;<\/p>\n<p>&nbsp;<\/p>\n<p>&nbsp;<\/p>\n<p>&nbsp;<\/p>\n<p>&nbsp;<\/p>\n<p>&nbsp;<\/p>\n<p>&nbsp;<\/p>\n<p>&nbsp;<\/p>\n<p>&nbsp;<\/p>\n<p>&nbsp;<\/p>\n<p>&nbsp;<\/p>\n<p>&nbsp;<\/p>\n<p>&nbsp;<\/p>\n<p>&nbsp;<\/p>\n<p>&nbsp;<\/p>\n<p>&nbsp;<\/p>\n<p>&nbsp;<\/p>\n","protected":false},"excerpt":{"rendered":"<p>Ko\u0142o Naukowe daje mo\u017cliwo\u015bci: \u00a0 \u00a0\u00a0 \u00a0 &#8211; poszerzania wiedzy, &#8211; zdobywania certyfikat\u00f3w, &#8211; otrzymania materia\u0142\u00f3w pomocniczych r\u00f3\u017cnych firm, Charakter spotka\u0144: &#8211; seminaria, &#8211; projekty maj\u0105ce na celu zdobywanie do\u015bwiadczenia, &#8211; wycieczki. Je\u015bli chcesz do\u0142\u0105czy\u0107 do Ko\u0142a, wystarczy odda\u0107 wype\u0142nion\u0105&#8230;<br \/><a class=\"read-more-button\" href=\"https:\/\/www.pzitb.put.poznan.pl\/?page_id=9\">Read more<\/a><\/p>\n","protected":false},"author":1,"featured_media":0,"parent":0,"menu_order":4,"comment_status":"closed","ping_status":"closed","template":"","meta":{"footnotes":""},"class_list":["post-9","page","type-page","status-publish","hentry"],"_links":{"self":[{"href":"https:\/\/www.pzitb.put.poznan.pl\/index.php?rest_route=\/wp\/v2\/pages\/9","targetHints":{"allow":["GET"]}}],"collection":[{"href":"https:\/\/www.pzitb.put.poznan.pl\/index.php?rest_route=\/wp\/v2\/pages"}],"about":[{"href":"https:\/\/www.pzitb.put.poznan.pl\/index.php?rest_route=\/wp\/v2\/types\/page"}],"author":[{"embeddable":true,"href":"https:\/\/www.pzitb.put.poznan.pl\/index.php?rest_route=\/wp\/v2\/users\/1"}],"replies":[{"embeddable":true,"href":"https:\/\/www.pzitb.put.poznan.pl\/index.php?rest_route=%2Fwp%2Fv2%2Fcomments&post=9"}],"version-history":[{"count":3,"href":"https:\/\/www.pzitb.put.poznan.pl\/index.php?rest_route=\/wp\/v2\/pages\/9\/revisions"}],"predecessor-version":[{"id":77,"href":"https:\/\/www.pzitb.put.poznan.pl\/index.php?rest_route=\/wp\/v2\/pages\/9\/revisions\/77"}],"wp:attachment":[{"href":"https:\/\/www.pzitb.put.poznan.pl\/index.php?rest_route=%2Fwp%2Fv2%2Fmedia&parent=9"}],"curies":[{"name":"wp","href":"https:\/\/api.w.org\/{rel}","templated":true}]}}